{"id":9123,"date":"2025-06-20T16:01:28","date_gmt":"2025-06-20T16:01:28","guid":{"rendered":"https:\/\/oversea.it\/?page_id=9123"},"modified":"2026-01-12T13:18:07","modified_gmt":"2026-01-12T13:18:07","slug":"privacy-and-cookie-policy","status":"publish","type":"page","link":"https:\/\/oversea.it\/en\/privacy-and-cookie-policy\/","title":{"rendered":"Privacy and Cookie Policy"},"content":{"rendered":"<p><img loading=\"lazy\" decoding=\"async\" class=\"op3-element__image op3-element-image__image\" src=\"https:\/\/oversea.it\/wp-content\/uploads\/2019\/09\/logo-1.jpg\" alt=\"logo oversea\" title=\"logo\" width=\"1921\" height=\"358\" data-op3-attachment-id=\"7957\" \/><\/p>\n<p>Politica sulla riservatezza<br \/>\nInformativa ai sensi dell\u2019art. 13 del Regolamento UE n. 2016\/679 e della normativa nazionale in materia di protezione dei dati personali<\/p>\n<p>La presente informativa \u00e8 resa, ai sensi dell\u2019art. 13 del Regolamento UE n. 679\/2016 (di seguito \u201cRegolamento\u201d) e della normativa nazionale in materia di protezione dei dati personali, agli utenti che si collegano al sito www.oversea.it e riguarda esclusivamente tale sito (di seguito \u201cSito\u201d) e gli eventuali sottodomini, escludendo qualsiasi altro sito web consultato tramite link esterni.<\/p>\n<p>Invitiamo gli utenti a leggere attentamente la presente informativa prima di fornire qualsiasi dato personale o compilare moduli presenti sul Sito.<\/p>\n<p>Titolare del trattamento<br \/>\nIl titolare del trattamento dei dati personali \u00e8 Oversea Consulting and Training Services S.r.l.s.<br \/>\nP.IVA:&nbsp;12705500010<\/p>\n<p>Sede legale: Via Sacchi, 26 \u2013 10128 Torino (TO)<\/p>\n<p>Rappresentante legale: Dott.ssa Patrizia Canepa<br \/>\nEmail: privacy@oversea.it<br \/>\nTel: +39 011 385 0552<\/p>\n<p>Origine dei dati \u2013 Dati di navigazione<br \/>\nOversea Consulting and Training Services S.r.l.s. raccoglie dati personali durante la normale navigazione del sito. Tali dati includono, a titolo esemplificativo, indirizzi IP, nomi a dominio, URI delle risorse richieste, orari, metodi di richiesta al server, dimensioni dei file ottenuti, codici di stato e altri parametri relativi al sistema operativo e al browser dell\u2019utente.<br \/>\nQuesti dati vengono utilizzati a fini statistici anonimi e per il controllo del corretto funzionamento del sito, e potrebbero essere usati per accertare responsabilit\u00e0 in caso di reati informatici.<\/p>\n<p>Origine dei dati \u2013 Dati forniti volontariamente dall\u2019utente<br \/>\nI dati personali inviati volontariamente attraverso moduli, email, app, social network, call center o altri strumenti verranno trattati per fornire i servizi richiesti, per obblighi di legge o per finalit\u00e0 contrattuali\/precontrattuali.<\/p>\n<p>Finalit\u00e0 del trattamento e base giuridica<br \/>\nI dati sono trattati per:<\/p>\n<p>&#8211; Rispondere a richieste di contatto o informazioni;<\/p>\n<p>&#8211;&nbsp;Attivit\u00e0 connesse alla gestione delle richieste (es. invio risposte);<\/p>\n<p>&#8211;&nbsp;Adempimenti legali, tutela dell\u2019ordine pubblico, accertamento e repressione di reati.<\/p>\n<p>Il conferimento dei dati \u00e8 obbligatorio per le finalit\u00e0 sopra indicate. In caso di mancato conferimento, non sar\u00e0 possibile fornire i servizi richiesti.<\/p>\n<p>Modalit\u00e0 di trattamento, conservazione e sicurezza<br \/>\nIl trattamento \u00e8 svolto con strumenti elettronici\/manuali nel rispetto dei principi di sicurezza, riservatezza e limitazione della conservazione. I dati saranno conservati per il tempo necessario a conseguire gli scopi per cui sono raccolti, o secondo termini di legge. Oversea adotta misure tecniche e organizzative adeguate per prevenire accessi non autorizzati, divulgazioni, modifiche o distruzioni non autorizzate.<\/p>\n<p>Eventuali violazioni dei dati personali possono essere segnalate a: segreteria@oversea.it.<\/p>\n<p>Cookie<br \/>\nIl sito utilizza cookie tecnici e, previo consenso, cookie di profilazione e analytics. Per maggiori dettagli sull\u2019uso dei cookie, sulle loro finalit\u00e0 e sulla gestione delle preferenze, si rimanda all\u2019informativa cookie disponibile sul Sito.<\/p>\n<p>Comunicazione e trasferimento dei dati<br \/>\nI dati possono essere comunicati a:<\/p>\n<p>&#8211; Soggetti terzi che forniscono servizi per conto di Oversea;<br \/>\n&#8211; Autorit\u00e0 competenti in caso di obblighi normativi o reati informatici;<\/p>\n<p>&#8211; Fornitori di servizi tecnici, hosting, manutenzione IT.<\/p>\n<p>Tutti i soggetti sono vincolati contrattualmente a trattare i dati in conformit\u00e0 alla normativa vigente.<\/p>\n<p>I dati non saranno trasferiti al di fuori dell\u2019Unione Europea.<\/p>\n<p>Diritti dell\u2019interessato<br \/>\nAi sensi degli artt. 15-22 del Regolamento, l\u2019interessato ha diritto di:<\/p>\n<p>&#8211; Accedere ai propri dati;<br \/>\n&#8211; Chiedere la rettifica, cancellazione, limitazione o opposizione al trattamento;<br \/>\n&#8211; Revocare il consenso in qualsiasi momento;<br \/>\n&#8211; Richiedere la portabilit\u00e0 dei dati;<br \/>\n&#8211; Proporre reclamo all\u2019Autorit\u00e0 Garante per la Protezione dei Dati Personali.<\/p>\n<p>Per esercitare tali diritti, \u00e8 possibile scrivere a: segreteria@oversea.it<\/p>\n<p>Il Titolare del trattamento<br \/>\nOversea Consulting and Training Services S.r.l.s.<\/p>","protected":false},"excerpt":{"rendered":"<p>Politica sulla riservatezza Informativa ai sensi dell\u2019art. 13 del Regolamento UE n. 2016\/679 e della normativa nazionale in materia di protezione dei dati personali La presente informativa \u00e8 resa, ai sensi dell\u2019art. 13 del Regolamento UE n. 679\/2016 (di seguito \u201cRegolamento\u201d) e della normativa nazionale in materia di protezione dei dati personali, agli utenti che<\/p>","protected":false},"author":1,"featured_media":0,"parent":0,"menu_order":0,"comment_status":"closed","ping_status":"closed","template":"op_builder_blank","meta":{"footnotes":""},"class_list":["post-9123","page","type-page","status-publish","hentry"],"yoast_head":"<!-- This site is optimized with the Yoast SEO plugin v27.4 - https:\/\/yoast.com\/product\/yoast-seo-wordpress\/ -->\n<title>Privacy and Cookie Policy - Oversea<\/title>\n<meta name=\"robots\" content=\"index, follow, max-snippet:-1, max-image-preview:large, max-video-preview:-1\" \/>\n<link rel=\"canonical\" href=\"https:\/\/oversea.it\/en\/privacy-and-cookie-policy\/\" \/>\n<meta property=\"og:locale\" content=\"en_GB\" \/>\n<meta property=\"og:type\" content=\"article\" \/>\n<meta property=\"og:title\" content=\"Privacy and Cookie Policy - Oversea\" \/>\n<meta property=\"og:description\" content=\"Politica sulla riservatezza Informativa ai sensi dell\u2019art. 13 del Regolamento UE n. 2016\/679 e della normativa nazionale in materia di protezione dei dati personali La presente informativa \u00e8 resa, ai sensi dell\u2019art. 13 del Regolamento UE n. 679\/2016 (di seguito \u201cRegolamento\u201d) e della normativa nazionale in materia di protezione dei dati personali, agli utenti che\" \/>\n<meta property=\"og:url\" content=\"https:\/\/oversea.it\/en\/privacy-and-cookie-policy\/\" \/>\n<meta property=\"og:site_name\" content=\"Oversea\" \/>\n<meta property=\"article:modified_time\" content=\"2026-01-12T13:18:07+00:00\" \/>\n<meta property=\"og:image\" content=\"https:\/\/oversea.it\/wp-content\/uploads\/2019\/09\/logo-1.jpg\" \/>\n<meta name=\"twitter:card\" content=\"summary_large_image\" \/>\n<meta name=\"twitter:label1\" content=\"Estimated reading time\" \/>\n\t<meta name=\"twitter:data1\" content=\"3 minutes\" \/>\n<script type=\"application\/ld+json\" class=\"yoast-schema-graph\">{\"@context\":\"https:\\\/\\\/schema.org\",\"@graph\":[{\"@type\":\"WebPage\",\"@id\":\"https:\\\/\\\/oversea.it\\\/privacy-and-cookie-policy\\\/\",\"url\":\"https:\\\/\\\/oversea.it\\\/privacy-and-cookie-policy\\\/\",\"name\":\"Privacy and Cookie Policy - Oversea\",\"isPartOf\":{\"@id\":\"https:\\\/\\\/oversea.it\\\/#website\"},\"primaryImageOfPage\":{\"@id\":\"https:\\\/\\\/oversea.it\\\/privacy-and-cookie-policy\\\/#primaryimage\"},\"image\":{\"@id\":\"https:\\\/\\\/oversea.it\\\/privacy-and-cookie-policy\\\/#primaryimage\"},\"thumbnailUrl\":\"https:\\\/\\\/oversea.it\\\/wp-content\\\/uploads\\\/2019\\\/09\\\/logo-1.jpg\",\"datePublished\":\"2025-06-20T16:01:28+00:00\",\"dateModified\":\"2026-01-12T13:18:07+00:00\",\"breadcrumb\":{\"@id\":\"https:\\\/\\\/oversea.it\\\/privacy-and-cookie-policy\\\/#breadcrumb\"},\"inLanguage\":\"en-GB\",\"potentialAction\":[{\"@type\":\"ReadAction\",\"target\":[\"https:\\\/\\\/oversea.it\\\/privacy-and-cookie-policy\\\/\"]}]},{\"@type\":\"ImageObject\",\"inLanguage\":\"en-GB\",\"@id\":\"https:\\\/\\\/oversea.it\\\/privacy-and-cookie-policy\\\/#primaryimage\",\"url\":\"https:\\\/\\\/oversea.it\\\/wp-content\\\/uploads\\\/2019\\\/09\\\/logo-1.jpg\",\"contentUrl\":\"https:\\\/\\\/oversea.it\\\/wp-content\\\/uploads\\\/2019\\\/09\\\/logo-1.jpg\"},{\"@type\":\"BreadcrumbList\",\"@id\":\"https:\\\/\\\/oversea.it\\\/privacy-and-cookie-policy\\\/#breadcrumb\",\"itemListElement\":[{\"@type\":\"ListItem\",\"position\":1,\"name\":\"Home\",\"item\":\"https:\\\/\\\/oversea.it\\\/\"},{\"@type\":\"ListItem\",\"position\":2,\"name\":\"Privacy and Cookie Policy\"}]},{\"@type\":\"WebSite\",\"@id\":\"https:\\\/\\\/oversea.it\\\/#website\",\"url\":\"https:\\\/\\\/oversea.it\\\/\",\"name\":\"Oversea\",\"description\":\"\",\"potentialAction\":[{\"@type\":\"SearchAction\",\"target\":{\"@type\":\"EntryPoint\",\"urlTemplate\":\"https:\\\/\\\/oversea.it\\\/?s={search_term_string}\"},\"query-input\":{\"@type\":\"PropertyValueSpecification\",\"valueRequired\":true,\"valueName\":\"search_term_string\"}}],\"inLanguage\":\"en-GB\"}]}<\/script>\n<!-- \/ Yoast SEO plugin. -->","yoast_head_json":{"title":"Privacy and Cookie Policy - Oversea","robots":{"index":"index","follow":"follow","max-snippet":"max-snippet:-1","max-image-preview":"max-image-preview:large","max-video-preview":"max-video-preview:-1"},"canonical":"https:\/\/oversea.it\/en\/privacy-and-cookie-policy\/","og_locale":"en_GB","og_type":"article","og_title":"Privacy and Cookie Policy - Oversea","og_description":"Politica sulla riservatezza Informativa ai sensi dell\u2019art. 13 del Regolamento UE n. 2016\/679 e della normativa nazionale in materia di protezione dei dati personali La presente informativa \u00e8 resa, ai sensi dell\u2019art. 13 del Regolamento UE n. 679\/2016 (di seguito \u201cRegolamento\u201d) e della normativa nazionale in materia di protezione dei dati personali, agli utenti che","og_url":"https:\/\/oversea.it\/en\/privacy-and-cookie-policy\/","og_site_name":"Oversea","article_modified_time":"2026-01-12T13:18:07+00:00","og_image":[{"url":"https:\/\/oversea.it\/wp-content\/uploads\/2019\/09\/logo-1.jpg","type":"","width":"","height":""}],"twitter_card":"summary_large_image","twitter_misc":{"Estimated reading time":"3 minutes"},"schema":{"@context":"https:\/\/schema.org","@graph":[{"@type":"WebPage","@id":"https:\/\/oversea.it\/privacy-and-cookie-policy\/","url":"https:\/\/oversea.it\/privacy-and-cookie-policy\/","name":"Privacy and Cookie Policy - Oversea","isPartOf":{"@id":"https:\/\/oversea.it\/#website"},"primaryImageOfPage":{"@id":"https:\/\/oversea.it\/privacy-and-cookie-policy\/#primaryimage"},"image":{"@id":"https:\/\/oversea.it\/privacy-and-cookie-policy\/#primaryimage"},"thumbnailUrl":"https:\/\/oversea.it\/wp-content\/uploads\/2019\/09\/logo-1.jpg","datePublished":"2025-06-20T16:01:28+00:00","dateModified":"2026-01-12T13:18:07+00:00","breadcrumb":{"@id":"https:\/\/oversea.it\/privacy-and-cookie-policy\/#breadcrumb"},"inLanguage":"en-GB","potentialAction":[{"@type":"ReadAction","target":["https:\/\/oversea.it\/privacy-and-cookie-policy\/"]}]},{"@type":"ImageObject","inLanguage":"en-GB","@id":"https:\/\/oversea.it\/privacy-and-cookie-policy\/#primaryimage","url":"https:\/\/oversea.it\/wp-content\/uploads\/2019\/09\/logo-1.jpg","contentUrl":"https:\/\/oversea.it\/wp-content\/uploads\/2019\/09\/logo-1.jpg"},{"@type":"BreadcrumbList","@id":"https:\/\/oversea.it\/privacy-and-cookie-policy\/#breadcrumb","itemListElement":[{"@type":"ListItem","position":1,"name":"Home","item":"https:\/\/oversea.it\/"},{"@type":"ListItem","position":2,"name":"Privacy and Cookie Policy"}]},{"@type":"WebSite","@id":"https:\/\/oversea.it\/#website","url":"https:\/\/oversea.it\/","name":"Oversea","description":"","potentialAction":[{"@type":"SearchAction","target":{"@type":"EntryPoint","urlTemplate":"https:\/\/oversea.it\/?s={search_term_string}"},"query-input":{"@type":"PropertyValueSpecification","valueRequired":true,"valueName":"search_term_string"}}],"inLanguage":"en-GB"}]}},"_links":{"self":[{"href":"https:\/\/oversea.it\/en\/wp-json\/wp\/v2\/pages\/9123","targetHints":{"allow":["GET"]}}],"collection":[{"href":"https:\/\/oversea.it\/en\/wp-json\/wp\/v2\/pages"}],"about":[{"href":"https:\/\/oversea.it\/en\/wp-json\/wp\/v2\/types\/page"}],"author":[{"embeddable":true,"href":"https:\/\/oversea.it\/en\/wp-json\/wp\/v2\/users\/1"}],"replies":[{"embeddable":true,"href":"https:\/\/oversea.it\/en\/wp-json\/wp\/v2\/comments?post=9123"}],"version-history":[{"count":4,"href":"https:\/\/oversea.it\/en\/wp-json\/wp\/v2\/pages\/9123\/revisions"}],"predecessor-version":[{"id":9651,"href":"https:\/\/oversea.it\/en\/wp-json\/wp\/v2\/pages\/9123\/revisions\/9651"}],"wp:attachment":[{"href":"https:\/\/oversea.it\/en\/wp-json\/wp\/v2\/media?parent=9123"}],"curies":[{"name":"wp","href":"https:\/\/api.w.org\/{rel}","templated":true}]}}